{"id":9282,"date":"2019-11-26T06:15:37","date_gmt":"2019-11-26T07:15:37","guid":{"rendered":"https:\/\/turanuslu.net\/?page_id=9282"},"modified":"2020-12-18T16:08:53","modified_gmt":"2020-12-18T16:08:53","slug":"soru-cevap","status":"publish","type":"page","link":"https:\/\/turanuslu.net\/de\/soru-cevap\/","title":{"rendered":"Soru  Cevap"},"content":{"rendered":"<h1>Sorular\u0131n\u0131z\u0131 Yorumlarda Belirtiniz<\/h1>","protected":false},"excerpt":{"rendered":"<p>Sorular\u0131n\u0131z\u0131 Yorumlarda Belirtiniz<\/p>","protected":false},"author":1,"featured_media":0,"parent":0,"menu_order":0,"comment_status":"open","ping_status":"closed","template":"","meta":{"footnotes":""},"class_list":["post-9282","page","type-page","status-publish","hentry"],"jetpack_sharing_enabled":true,"_links":{"self":[{"href":"https:\/\/turanuslu.net\/de\/wp-json\/wp\/v2\/pages\/9282","targetHints":{"allow":["GET"]}}],"collection":[{"href":"https:\/\/turanuslu.net\/de\/wp-json\/wp\/v2\/pages"}],"about":[{"href":"https:\/\/turanuslu.net\/de\/wp-json\/wp\/v2\/types\/page"}],"author":[{"embeddable":true,"href":"https:\/\/turanuslu.net\/de\/wp-json\/wp\/v2\/users\/1"}],"replies":[{"embeddable":true,"href":"https:\/\/turanuslu.net\/de\/wp-json\/wp\/v2\/comments?post=9282"}],"version-history":[{"count":1,"href":"https:\/\/turanuslu.net\/de\/wp-json\/wp\/v2\/pages\/9282\/revisions"}],"predecessor-version":[{"id":9676,"href":"https:\/\/turanuslu.net\/de\/wp-json\/wp\/v2\/pages\/9282\/revisions\/9676"}],"wp:attachment":[{"href":"https:\/\/turanuslu.net\/de\/wp-json\/wp\/v2\/media?parent=9282"}],"curies":[{"name":"wp","href":"https:\/\/api.w.org\/{rel}","templated":true}]}}