{"id":873,"date":"2009-12-04T20:08:17","date_gmt":"2009-12-04T20:08:17","guid":{"rendered":"https:\/\/turanuslu.net\/?page_id=873"},"modified":"2021-06-12T08:00:50","modified_gmt":"2021-06-12T08:00:50","slug":"tum-egzersizler","status":"publish","type":"page","link":"https:\/\/turanuslu.net\/de\/tum-egzersizler\/","title":{"rendered":"\u00dcbungen"},"content":{"rendered":"<h4><a title=\"Permanent Link to Bel A\u011fr\u0131lar\u0131 \u0130\u00e7in Ev Egzersiz Program\u0131\" href=\"https:\/\/turanuslu.net\/de\/bel-agrilari-icin-ev-egzersiz-programi\/\" rel=\"bookmark\">Bel A\u011fr\u0131lar\u0131 \u0130\u00e7in Ev Egzersiz Program\u0131<\/a><\/h4>\n<h4><a title=\"Permanent Link to Bilgisayar Kullananlar ve Masa Ba\u015f\u0131 \u00c7al\u0131\u015fanlar \u0130\u00e7in Egzersizleri 1\" href=\"https:\/\/turanuslu.net\/de\/bilgisayar-kullananlar-ve-masa-basi-calisanlar-icin-egzersizleri-1\/\" rel=\"bookmark\">Bilgisayar Kullananlar ve Masa Ba\u015f\u0131 \u00c7al\u0131\u015fanlar \u0130\u00e7in Egzersizleri 1<\/a><\/h4>\n<h4><a title=\"Permanent Link to Bilgisayar Kullananlar ve Masa Ba\u015f\u0131 \u00c7al\u0131\u015fanlar \u0130\u00e7in Egzersizleri 2\" href=\"https:\/\/turanuslu.net\/de\/bilgisayar-kullananlar-ve-masa-basi-calisanlar-icin-egzersizleri-2-jpg\/\" rel=\"bookmark\">Bilgisayar Kullananlar ve Masa Ba\u015f\u0131 \u00c7al\u0131\u015fanlar \u0130\u00e7in Egzersizleri 2<\/a><\/h4>\n<h4><a title=\"Permanent Link to Boyun Egzersizleri\" href=\"https:\/\/turanuslu.net\/de\/boyun-egzersizleri\/\" rel=\"bookmark\">Boyun Egzersizleri<\/a><\/h4>\n<h4><a title=\"Permanent Link to Topuk Agr\u0131s\u0131 Egzersizleri\" href=\"https:\/\/turanuslu.net\/de\/topuk-agrisi-egzersizleri\/\" rel=\"bookmark\">\u00dcbungen gegen Fersenschmerzen<\/a><\/h4>\n<h4><a title=\"Permanent Link to Tenis\u00e7i Dirse\u011fi Egzersizleri\" href=\"https:\/\/turanuslu.net\/de\/lateral-epkondilit-tenisci-dirsegi\/\" rel=\"bookmark\">Tenis\u00e7i Dirse\u011fi Egzersizleri<\/a><\/h4>\n<h4><a title=\"Permanent Link to S\u0131rt Omurgas\u0131 \u0130\u00e7in Egzersizler\" href=\"https:\/\/turanuslu.net\/de\/sirt-omurgasi-icin-egzersizler\/\" rel=\"bookmark\">\u00dcbungen f\u00fcr die Wirbels\u00e4ule<\/a><\/h4>\n<h4><a title=\"Permanent Link to S\u0131rt A\u011fr\u0131s\u0131 \u0130\u00e7in egzersizler\" href=\"https:\/\/turanuslu.net\/de\/sirt-agrisi-icin-egzersizler\/\" rel=\"bookmark\">\u00dcbungen gegen R\u00fcckenschmerzen<\/a><\/h4>\n<h4><a title=\"Permanent Link to Sakroiliak Eklem Zorlanmas\u0131 \u0130\u00e7in Egzersizler\" href=\"https:\/\/turanuslu.net\/de\/sakroiliak-eklem-hastaligi\/\" rel=\"bookmark\">Sakroiliak Eklem Zorlanmas\u0131 \u0130\u00e7in Egzersizler<\/a><\/h4>\n<h4><a title=\"Permanent Link to Rotator Manson G\u00fc\u00e7lendirme Egzersizleri\" href=\"https:\/\/turanuslu.net\/de\/rotator-manson-guclendirme-egzersizleri\/\" rel=\"bookmark\">\u00dcbungen zur St\u00e4rkung der Rotatorenmanschette<\/a><\/h4>\n<h4><a title=\"Permanent Link to Plantar Fasiite 2\" href=\"https:\/\/turanuslu.net\/de\/plantar-fasiite-2\/\" rel=\"bookmark\">Plantar Fasiite 2<\/a><\/h4>\n<h4><a title=\"Permanent Link to Plantar Fasiite 1\" href=\"https:\/\/turanuslu.net\/de\/plantar-fasiite-1\/\" rel=\"bookmark\">Plantar Fasiite 1<\/a><\/h4>\n<h4><a title=\"Permanent Link to Omuz Egzersizleri\" href=\"https:\/\/turanuslu.net\/de\/omuz-egzersizleri\/\" rel=\"bookmark\">Schulter\u00fcbungen<\/a><\/h4>\n<h4><a title=\"Permanent Link to Menisk\u00fcs Lezyonlu Hastalar \u0130\u00e7in Egzersizler\" href=\"https:\/\/turanuslu.net\/de\/meniskus-lezyonlu-hastalar-icin-egzersizler\/\" rel=\"bookmark\">\u00dcbungen f\u00fcr Patienten mit Meniskusl\u00e4sionen<\/a><\/h4>\n<h4><a title=\"Permanent Link to KTS Egzersizler\" href=\"https:\/\/turanuslu.net\/de\/kts-egzersizler\/\" rel=\"bookmark\">CTS-\u00dcbungen<\/a><\/h4>\n<h4><a title=\"Permanent Link to Kas\u0131k Zorlanmas\u0131 \u0130\u00e7in Egzersizler\" href=\"https:\/\/turanuslu.net\/de\/kasik-zorlanmasi-icin-egzersizler\/\" rel=\"bookmark\">\u00dcbungen bei Leistenzerrung<\/a><\/h4>\n<h4><a title=\"Permanent Link to Kal\u00e7a Protezli Hastalar \u0130\u00e7in Egzersiz Programi 2\" href=\"https:\/\/turanuslu.net\/de\/kalca-protezli-hastalar-icin-egzersiz-programi-2-2\/\" rel=\"bookmark\">\u00dcbungsprogramm f\u00fcr Patienten mit H\u00fcftersatz 2<\/a><\/h4>\n<h4><a title=\"Permanent Link to Kalca Protezli Hastalar \u0130\u00e7in Egzersiz Program\u0131 1\" href=\"https:\/\/turanuslu.net\/de\/kalca-protezli-hastalar-icin-egzersiz-programi-2\/\" rel=\"bookmark\">\u00dcbungsprogramm f\u00fcr Patienten mit H\u00fcftersatz 1<\/a><\/h4>\n<h4><a title=\"Permanent Link to Kal\u00e7a A\u011fr\u0131s\u0131 Egzersizleri\" href=\"https:\/\/turanuslu.net\/de\/kalca-agrisi-egzersizleri\/\" rel=\"bookmark\">\u00dcbungen gegen H\u00fcftschmerzen<\/a><\/h4>\n<h4><a title=\"Permanent Link to \u0130zometrik Omuz Egzersizleri\" href=\"https:\/\/turanuslu.net\/de\/omuz-egzersizleri\/\" rel=\"bookmark\">\u0130zometrik Omuz Egzersizleri<\/a><\/h4>\n<h4><a title=\"Permanent Link to \u0130\u015fyeri Egzersizleri\" href=\"https:\/\/turanuslu.net\/de\/isyeri-egzersizleri\/\" rel=\"bookmark\">\u00dcbungen am Arbeitsplatz<\/a><\/h4>\n<h4><a title=\"Permanent Link to Hamstring Zorlanmas\u0131 Egzersizleri\" href=\"https:\/\/turanuslu.net\/de\/hamstring-zorlanmasi-egzersizleri\/\" rel=\"bookmark\">\u00dcbungen zur Oberschenkelzerrung<\/a><\/h4>\n<h4><a title=\"Permanent Link to Golf\u00e7u Dirse\u011fi Egzersizleri\" href=\"https:\/\/turanuslu.net\/de\/golfcu-dirsegi-egzersizleri\/\" rel=\"bookmark\">\u00dcbungen f\u00fcr den Golferellenbogen<\/a><\/h4>\n<h4><a title=\"Permanent Link to Germe Egzersizleri-2\" href=\"https:\/\/turanuslu.net\/de\/germe-egzersizleri-2\/\" rel=\"bookmark\">Dehn\u00fcbungen-2<\/a><\/h4>\n<h4><a title=\"Permanent Link to Germe Egzersizleri-1\" href=\"https:\/\/turanuslu.net\/de\/germe-egzersizleri-1\/\" rel=\"bookmark\">Dehn\u00fcbungen-1<\/a><\/h4>\n<h4><a title=\"Permanent Link to El Bile\u011fi Tendiniti Egzersizleri\" href=\"https:\/\/turanuslu.net\/de\/el-bilegi-tendiniti-egzersizleri\/\" rel=\"bookmark\">\u00dcbungen bei Sehnenscheidenentz\u00fcndung im Handgelenk<\/a><\/h4>\n<h4><a title=\"Permanent Link to Duru\u015f Egzersizleri\" href=\"https:\/\/turanuslu.net\/de\/durus-egzersizleri-2\/\" rel=\"bookmark\">Duru\u015f Egzersizleri<\/a><\/h4>\n<h4><a title=\"Permanent Link to D\u00f6n\u00fck Omuz Egzersizleri\" href=\"https:\/\/turanuslu.net\/de\/donuk-omuz-egzersizleri\/\" rel=\"bookmark\">\u00dcbungen f\u00fcr gedrehte Schultern<\/a><\/h4>\n<h4><a title=\"Permanent Link to Diz Egzersizleri\" href=\"https:\/\/turanuslu.net\/de\/diz-egzersizleri-2\/\" rel=\"bookmark\">Diz Egzersizleri<\/a><\/h4>\n<h4><a title=\"Permanent Link to De Quervain Hastal\u0131\u011f\u0131 \u0130\u00e7in Egzersizler\" href=\"https:\/\/turanuslu.net\/de\/de-quervain-hastaligi-icin-egzersizler\/\" rel=\"bookmark\">De Quervain Hastal\u0131\u011f\u0131 \u0130\u00e7in Egzersizler<\/a><\/h4>\n<h4><a title=\"Permanent Link to \u00c7ene Eklemi \u0130\u00e7in Egzersiz\" href=\"https:\/\/turanuslu.net\/de\/cene-eklemi-agrisi-temporomandibuler-agri-sendromu\/\" rel=\"bookmark\">\u00c7ene Eklemi \u0130\u00e7in Egzersiz<\/a><\/h4>\n<h4><a title=\"Permanent Link to Bel A\u011fr\u0131lar\u0131 \u0130\u00e7in Ev Egzersiz Program\u0131\" href=\"https:\/\/turanuslu.net\/de\/bel-agrilari-icin-ev-egzersiz-programi-2\/\" rel=\"bookmark\">Bel A\u011fr\u0131lar\u0131 \u0130\u00e7in Ev Egzersiz Program\u0131<\/a><\/h4>\n<h4><a title=\"Permanent Link to \u00dcst Extremite Eha Egzersizleri\" href=\"https:\/\/turanuslu.net\/de\/ust-extremite-eha-egzersizleri\/\" rel=\"bookmark\">\u00dcst Extremite Eha Egzersizleri<\/a><\/h4>\n<h4><a title=\"Permanent Link to Torasik \u00c7\u0131k\u0131\u015f Sendromu Egzersizleri\" href=\"https:\/\/turanuslu.net\/de\/torasik-cikis-sendromu-egzersizleri\/\" rel=\"bookmark\">Torasik \u00c7\u0131k\u0131\u015f Sendromu Egzersizleri<\/a><\/h4>\n<h4><a title=\"Permanent Link to Skolyoz Egersizleri\" href=\"https:\/\/turanuslu.net\/de\/skolyoz-egersizleri\/\" rel=\"bookmark\">Skolyoz Egersizleri<\/a><\/h4>\n<h4><a title=\"Permanent Link to Multipl Skleroz Egersizleri\" href=\"https:\/\/turanuslu.net\/de\/multipl-skleroz-exersizleri\/\" rel=\"bookmark\">Multipl Skleroz Egersizleri<\/a><\/h4>\n<h4><a title=\"Permanent Link to Kond\u00fcsyon Egzersizleri\" href=\"https:\/\/turanuslu.net\/de\/kondusyon-egzersizleri\/\" rel=\"bookmark\">Kond\u00fcsyon Egzersizleri<\/a><\/h4>\n<h4><a title=\"Permanent Link to \u0130nmeli Hastalar \u0130\u00e7in Egzersizler\" href=\"https:\/\/turanuslu.net\/de\/inmeli-hastalar-icin-egzersizler\/\" rel=\"bookmark\">\u0130nmeli Hastalar \u0130\u00e7in Egzersizler<\/a><\/h4>\n<h4><a title=\"Permanent Link to G\u00f6\u011f\u00fcs Cerrahisi Sonrasi Yapilacak\" href=\"https:\/\/turanuslu.net\/de\/gogus-cerrahisi-sonrasi-yapilacak\/\" rel=\"bookmark\">G\u00f6\u011f\u00fcs Cerrahisi Sonrasi Yapilacak<\/a><\/h4>\n<h4><a title=\"Permanent Link to Denge Egzersizleri\" href=\"https:\/\/turanuslu.net\/de\/denge-egzersizleri\/\" rel=\"bookmark\">Denge Egzersizleri<\/a><\/h4>\n<h4><a title=\"Permanent Link to Belkoruma Prensipleri\" href=\"https:\/\/turanuslu.net\/de\/belkoruma-prensipleri\/\" rel=\"bookmark\">Belkoruma Prensipleri<\/a><\/h4>\n<h4><a title=\"Permanent Link to As Exersizleri\" href=\"https:\/\/turanuslu.net\/de\/as-exersizleri\/\" rel=\"bookmark\">Ace-\u00dcbungen<\/a><\/h4>","protected":false},"excerpt":{"rendered":"<p>Bel A\u011fr\u0131lar\u0131 \u0130\u00e7in Ev Egzersiz Program\u0131 Bilgisayar Kullananlar ve Masa [&hellip;]<\/p>\n","protected":false},"author":1,"featured_media":0,"parent":0,"menu_order":6,"comment_status":"open","ping_status":"closed","template":"","meta":{"footnotes":""},"class_list":["post-873","page","type-page","status-publish","hentry"],"jetpack_sharing_enabled":true,"_links":{"self":[{"href":"https:\/\/turanuslu.net\/de\/wp-json\/wp\/v2\/pages\/873","targetHints":{"allow":["GET"]}}],"collection":[{"href":"https:\/\/turanuslu.net\/de\/wp-json\/wp\/v2\/pages"}],"about":[{"href":"https:\/\/turanuslu.net\/de\/wp-json\/wp\/v2\/types\/page"}],"author":[{"embeddable":true,"href":"https:\/\/turanuslu.net\/de\/wp-json\/wp\/v2\/users\/1"}],"replies":[{"embeddable":true,"href":"https:\/\/turanuslu.net\/de\/wp-json\/wp\/v2\/comments?post=873"}],"version-history":[{"count":6,"href":"https:\/\/turanuslu.net\/de\/wp-json\/wp\/v2\/pages\/873\/revisions"}],"predecessor-version":[{"id":10420,"href":"https:\/\/turanuslu.net\/de\/wp-json\/wp\/v2\/pages\/873\/revisions\/10420"}],"wp:attachment":[{"href":"https:\/\/turanuslu.net\/de\/wp-json\/wp\/v2\/media?parent=873"}],"curies":[{"name":"wp","href":"https:\/\/api.w.org\/{rel}","templated":true}]}}