{"id":9789,"date":"2020-12-21T14:45:40","date_gmt":"2020-12-21T14:45:40","guid":{"rendered":"https:\/\/turanuslu.net\/new\/?page_id=9789"},"modified":"2021-06-15T09:57:15","modified_gmt":"2021-06-15T09:57:15","slug":"prof-dr-turan-uslu-blog","status":"publish","type":"page","link":"https:\/\/turanuslu.net\/ar\/prof-dr-turan-uslu-blog\/","title":{"rendered":"Prof. Dr. Turan Uslu &#8211; Blog"},"content":{"rendered":"<div class=\"fusion-fullwidth fullwidth-box fusion-builder-row-1 fusion-flex-container hundred-percent-fullwidth non-hundred-percent-height-scrolling\" style=\"background-color: rgba(255,255,255,0);background-position: center center;background-repeat: no-repeat;border-width: 0px 0px 0px 0px;border-color:#e2e2e2;border-style:solid;\" ><div class=\"fusion-builder-row fusion-row fusion-flex-align-items-flex-start\" style=\"width:104% !important;max-width:104% !important;margin-left: calc(-4% \/ 2 );margin-right: calc(-4% \/ 2 );\"><div class=\"fusion-layout-column fusion_builder_column fusion-builder-column-0 fusion_builder_column_1_1 1_1 fusion-flex-column\"><div class=\"fusion-column-wrapper fusion-flex-justify-content-flex-start fusion-content-layout-column\" style=\"background-position:left top;background-repeat:no-repeat;-webkit-background-size:cover;-moz-background-size:cover;-o-background-size:cover;background-size:cover;padding: 0px 0px 0px 0px;\"><style type=\"text\/css\">.fusion-search-element-1 .searchform .fusion-search-form-content .fusion-search-field input,.fusion-search-element-1 .searchform .fusion-search-form-content .fusion-search-button input[type=submit] {height: 50px;}.fusion-search-element-1 .searchform .fusion-search-form-content .fusion-search-button input[type=submit] {line-height: 50px;}.fusion-search-element-1.fusion-search-form-clean .searchform .fusion-search-form-content .fusion-search-field input {padding-left: 50px;}.fusion-search-element-1 .searchform .fusion-search-form-content .fusion-search-button input[type=submit] {width: 50px;}.fusion-search-element-1 .searchform .fusion-search-form-content .fusion-search-field input,.fusion-search-element-1 .searchform .fusion-search-form-content .fusion-search-field input::placeholder,.fusion-search-element-1.fusion-search-form-clean .searchform .fusion-search-form-content .fusion-search-button input[type=submit] {color: #9ea0a4;}.fusion-search-element-1 .searchform .fusion-search-form-content .fusion-search-field input:focus {border-color: #65bc7b;}.fusion-search-element-1 .searchform .fusion-search-form-content .fusion-search-field input,.fusion-search-element-1.fusion-search-form-clean .searchform .fusion-search-form-content .fusion-search-button input[type=submit] {font-size: 16px;}.fusion-search-element-1 .searchform .fusion-search-form-content .fusion-search-field input {background-color: #ffffff;border-top-width:1px;border-bottom-width:2px;border-color: rgba(226,226,226,0.9);}.fusion-search-element-1 .searchform.fusion-search-form-classic .fusion-search-form-content, .fusion-search-form-classic .searchform:not(.fusion-search-form-clean) .fusion-search-form-content {border-radius: 4px;overflow: hidden;}.fusion-search-element-1 .fusion-search-form-content input.s {border-radius: 4px;}<\/style><div class=\"fusion-search-element fusion-search-element-1 fusion-search-form-clean\" style=\"margin-top:5px;margin-bottom:10px;\">\t\t<form role=\"search\" class=\"searchform fusion-search-form  fusion-live-search fusion-search-form-clean\" method=\"get\" action=\"https:\/\/turanuslu.net\/ar\/\">\n\t\t\t<div class=\"fusion-search-form-content\">\n\n\t\t\t\t\n\t\t\t\t<div class=\"fusion-search-field search-field\">\n\t\t\t\t\t<label><span class=\"screen-reader-text\">Search for:<\/span>\n\t\t\t\t\t\t\t\t\t\t\t\t\t<input type=\"search\" class=\"s fusion-live-search-input\" name=\"s\" id=\"fusion-live-search-input\" autocomplete=\"off\" placeholder=\"Arad\u0131\u011f\u0131n\u0131z tedaviyi buraya yaz\u0131n\u0131z..\" required aria-required=\"true\" aria-label=\"Arad\u0131\u011f\u0131n\u0131z tedaviyi buraya yaz\u0131n\u0131z..\"\/>\n\t\t\t\t\t\t\t\t\t\t\t<\/label>\n\t\t\t\t<\/div>\n\t\t\t\t<div class=\"fusion-search-button search-button\">\n\t\t\t\t\t<input type=\"submit\" class=\"fusion-search-submit searchsubmit\" aria-label=\"Search\" value=\"&#xf002;\" \/>\n\t\t\t\t\t\t\t\t\t\t<div class=\"fusion-slider-loading\"><\/div>\n\t\t\t\t\t\t\t\t\t<\/div>\n\n\t\t\t\t<input type=\"hidden\" name=\"post_type[]\" value=\"any\" \/><input type=\"hidden\" name=\"search_limit_to_post_titles\" value=\"0\" \/><input type=\"hidden\" name=\"fs\" value=\"1\" \/>\n\t\t\t<\/div>\n\n\n\t\t\t\t\t\t\t<div class=\"fusion-search-results-wrapper\"><div class=\"fusion-search-results\"><\/div><\/div>\n\t\t\t\n\t\t<\/form>\n\t\t<\/div><div class=\"fusion-blog-shortcode fusion-blog-shortcode-1 fusion-blog-archive fusion-blog-layout-grid-wrapper fusion-blog-infinite fusion-blog-no-images\"><style type=\"text\/css\">.fusion-blog-shortcode-1 .fusion-blog-layout-grid .fusion-post-grid{padding:7.5px;}.fusion-blog-shortcode-1 .fusion-posts-container{margin-left: -7.5px !important; margin-right:-7.5px !important;}<\/style><div class=\"fusion-posts-container fusion-posts-container-infinite fusion-no-meta-info fusion-blog-layout-grid fusion-blog-layout-grid-4 isotope fusion-blog-equal-heights\" data-pages=\"41\" data-grid-col-space=\"15\" style=\"margin: -7.5px -7.5px 0;min-height:500px;\"><article id=\"blog-1-post-11275\" class=\"fusion-post-grid post-11275 post type-post status-publish format-standard has-post-thumbnail hentry category-genel\">\n<div class=\"fusion-post-wrapper\" style=\"background-color:rgba(138,234,232,0.22);border:none;\"><div class=\"fusion-post-content-wrapper\" style=\"padding:5 5 5 5;\"><div class=\"fusion-post-content post-content\"><h2 class=\"blog-shortcode-post-title entry-title\"><a href=\"https:\/\/turanuslu.net\/ar\/omurganizi-yasa-bagli-hasarlardan-korumak-icin-8-etkili-yontem\/\">Omurgan\u0131z\u0131 Ya\u015fa Ba\u011fl\u0131 Hasarlardan Korumak i\u00e7in 8 Etkili Y\u00f6ntem<\/a><\/h2><\/div><\/div><div class=\"fusion-clearfix\"><\/div><\/div>\n<\/article>\n<article id=\"blog-1-post-11273\" class=\"fusion-post-grid post-11273 post type-post status-publish format-standard hentry category-genel\">\n<div class=\"fusion-post-wrapper\" style=\"background-color:rgba(138,234,232,0.22);border:none;\"><div class=\"fusion-post-content-wrapper\" style=\"padding:5 5 5 5;\"><div class=\"fusion-post-content post-content\"><h2 class=\"blog-shortcode-post-title entry-title\"><a href=\"https:\/\/turanuslu.net\/ar\/cene-agrisi-ve-tme-bozuklugunda-prp-tedavisi\/\">\u00c7ene A\u011fr\u0131s\u0131 ve TME Bozuklu\u011funda PRP Tedavisi<\/a><\/h2><\/div><\/div><div class=\"fusion-clearfix\"><\/div><\/div>\n<\/article>\n<article id=\"blog-1-post-11271\" class=\"fusion-post-grid post-11271 post type-post status-publish format-standard hentry category-genel\">\n<div class=\"fusion-post-wrapper\" style=\"background-color:rgba(138,234,232,0.22);border:none;\"><div class=\"fusion-post-content-wrapper\" style=\"padding:5 5 5 5;\"><div class=\"fusion-post-content post-content\"><h2 class=\"blog-shortcode-post-title entry-title\"><a href=\"https:\/\/turanuslu.net\/ar\/boyun-agrisini-gidermenin-kan-basincina-etkisi\/\">Boyun A\u011fr\u0131s\u0131n\u0131 Gidermenin Kan Bas\u0131nc\u0131na Etkisi<\/a><\/h2><\/div><\/div><div class=\"fusion-clearfix\"><\/div><\/div>\n<\/article>\n<article id=\"blog-1-post-11269\" class=\"fusion-post-grid post-11269 post type-post status-publish format-standard hentry category-genel\">\n<div class=\"fusion-post-wrapper\" style=\"background-color:rgba(138,234,232,0.22);border:none;\"><div class=\"fusion-post-content-wrapper\" style=\"padding:5 5 5 5;\"><div class=\"fusion-post-content post-content\"><h2 class=\"blog-shortcode-post-title entry-title\"><a href=\"https:\/\/turanuslu.net\/ar\/kronik-omurga-agrisinda-prp-tedavisi\/\">Kronik Omurga A\u011fr\u0131s\u0131nda PRP Tedavisi<\/a><\/h2><\/div><\/div><div class=\"fusion-clearfix\"><\/div><\/div>\n<\/article>\n<article id=\"blog-1-post-11267\" class=\"fusion-post-grid post-11267 post type-post status-publish format-standard hentry category-genel\">\n<div class=\"fusion-post-wrapper\" style=\"background-color:rgba(138,234,232,0.22);border:none;\"><div class=\"fusion-post-content-wrapper\" style=\"padding:5 5 5 5;\"><div class=\"fusion-post-content post-content\"><h2 class=\"blog-shortcode-post-title entry-title\"><a href=\"https:\/\/turanuslu.net\/ar\/fibromiyalji-en-sik-sorulan-17-soru\/\">Fibromiyalji &#8211; En S\u0131k Sorulan 17 Soru<\/a><\/h2><\/div><\/div><div class=\"fusion-clearfix\"><\/div><\/div>\n<\/article>\n<article id=\"blog-1-post-11265\" class=\"fusion-post-grid post-11265 post type-post status-publish format-standard hentry category-genel\">\n<div class=\"fusion-post-wrapper\" style=\"background-color:rgba(138,234,232,0.22);border:none;\"><div class=\"fusion-post-content-wrapper\" style=\"padding:5 5 5 5;\"><div class=\"fusion-post-content post-content\"><h2 class=\"blog-shortcode-post-title entry-title\"><a href=\"https:\/\/turanuslu.net\/ar\/boyun-omurgasi-sorunlari\/\">Boyun Omurgas\u0131 Sorunlar\u0131<\/a><\/h2><\/div><\/div><div class=\"fusion-clearfix\"><\/div><\/div>\n<\/article>\n<article id=\"blog-1-post-11263\" class=\"fusion-post-grid post-11263 post type-post status-publish format-standard hentry category-genel\">\n<div class=\"fusion-post-wrapper\" style=\"background-color:rgba(138,234,232,0.22);border:none;\"><div class=\"fusion-post-content-wrapper\" style=\"padding:5 5 5 5;\"><div class=\"fusion-post-content post-content\"><h2 class=\"blog-shortcode-post-title entry-title\"><a href=\"https:\/\/turanuslu.net\/ar\/ileri-bas-durusunun-cozumu\/\">\u0130leri Ba\u015f Duru\u015funun \u00c7\u00f6z\u00fcm\u00fc<\/a><\/h2><\/div><\/div><div class=\"fusion-clearfix\"><\/div><\/div>\n<\/article>\n<article id=\"blog-1-post-11261\" class=\"fusion-post-grid post-11261 post type-post status-publish format-standard hentry category-genel\">\n<div class=\"fusion-post-wrapper\" style=\"background-color:rgba(138,234,232,0.22);border:none;\"><div class=\"fusion-post-content-wrapper\" style=\"padding:5 5 5 5;\"><div class=\"fusion-post-content post-content\"><h2 class=\"blog-shortcode-post-title entry-title\"><a href=\"https:\/\/turanuslu.net\/ar\/agri-ile-ilgili-efsaneler-ve-yanlis-anlamalar\/\">A\u011fr\u0131 ile \u0130lgili Efsaneler ve Yanl\u0131\u015f Anlamalar<\/a><\/h2><\/div><\/div><div class=\"fusion-clearfix\"><\/div><\/div>\n<\/article>\n<article id=\"blog-1-post-11259\" class=\"fusion-post-grid post-11259 post type-post status-publish format-standard hentry category-genel\">\n<div class=\"fusion-post-wrapper\" style=\"background-color:rgba(138,234,232,0.22);border:none;\"><div class=\"fusion-post-content-wrapper\" style=\"padding:5 5 5 5;\"><div class=\"fusion-post-content post-content\"><h2 class=\"blog-shortcode-post-title entry-title\"><a href=\"https:\/\/turanuslu.net\/ar\/ofis-yorgunlugu-belirtileri-ve-cozumleri\/\">Ofis Yorgunlu\u011fu Belirtileri ve \u00c7\u00f6z\u00fcmleri<\/a><\/h2><\/div><\/div><div class=\"fusion-clearfix\"><\/div><\/div>\n<\/article>\n<article id=\"blog-1-post-11254\" class=\"fusion-post-grid post-11254 post type-post status-publish format-standard has-post-thumbnail hentry category-genel\">\n<div class=\"fusion-post-wrapper\" style=\"background-color:rgba(138,234,232,0.22);border:none;\"><div class=\"fusion-post-content-wrapper\" style=\"padding:5 5 5 5;\"><div class=\"fusion-post-content post-content\"><h2 class=\"blog-shortcode-post-title entry-title\"><a href=\"https:\/\/turanuslu.net\/ar\/ileri-bas-durusu-bilgisayar-ve-teknoloji-boynu\/\">\u0130leri Ba\u015f Duru\u015fu: Bilgisayar ve Teknoloji Boynu<\/a><\/h2><\/div><\/div><div class=\"fusion-clearfix\"><\/div><\/div>\n<\/article>\n<article id=\"blog-1-post-11251\" class=\"fusion-post-grid post-11251 post type-post status-publish format-standard hentry category-genel\">\n<div class=\"fusion-post-wrapper\" style=\"background-color:rgba(138,234,232,0.22);border:none;\"><div class=\"fusion-post-content-wrapper\" style=\"padding:5 5 5 5;\"><div class=\"fusion-post-content post-content\"><h2 class=\"blog-shortcode-post-title entry-title\"><a href=\"https:\/\/turanuslu.net\/ar\/omurga-sagliginin-onemi\/\">Omurga Sa\u011fl\u0131\u011f\u0131n\u0131n \u00d6nemi<\/a><\/h2><\/div><\/div><div class=\"fusion-clearfix\"><\/div><\/div>\n<\/article>\n<article id=\"blog-1-post-11248\" class=\"fusion-post-grid post-11248 post type-post status-publish format-standard has-post-thumbnail hentry category-genel\">\n<div class=\"fusion-post-wrapper\" style=\"background-color:rgba(138,234,232,0.22);border:none;\"><div class=\"fusion-post-content-wrapper\" style=\"padding:5 5 5 5;\"><div class=\"fusion-post-content post-content\"><h2 class=\"blog-shortcode-post-title entry-title\"><a href=\"https:\/\/turanuslu.net\/ar\/uyusma-bize-ne-anlatir\/\">Uyu\u015fma Bize Ne Anlat\u0131r?<\/a><\/h2><\/div><\/div><div class=\"fusion-clearfix\"><\/div><\/div>\n<\/article>\n<div class=\"fusion-clearfix\"><\/div><\/div><div class=\"fusion-infinite-scroll-trigger\"><\/div><div class=\"pagination infinite-scroll clearfix\" style=\"display:none;\"><span class=\"current\">1<\/span><a href=\"https:\/\/turanuslu.net\/ar\/wp-json\/wp\/v2\/pages\/9789\/page\/2\/\" class=\"inactive\">2<\/a><a class=\"pagination-next\" rel=\"next\" href=\"https:\/\/turanuslu.net\/ar\/wp-json\/wp\/v2\/pages\/9789\/page\/2\/\"><span class=\"page-text\">Next<\/span><span class=\"page-next\"><\/span><\/a><\/div><div class=\"fusion-clearfix\"><\/div><\/div><\/div><style type=\"text\/css\">.fusion-body .fusion-builder-column-0{width:100% !important;margin-top : 0px;margin-bottom : 0px;}.fusion-builder-column-0 > .fusion-column-wrapper {padding-top : 0 !important;padding-right : 0 !important;margin-right : 1.92%;padding-bottom : 0 !important;padding-left : 0 !important;margin-left : 1.92%;}@media only screen and (max-width:1000px) {.fusion-body .fusion-builder-column-0{width:100% !important;order : 0;}.fusion-builder-column-0 > .fusion-column-wrapper {margin-right : 1.92%;margin-left : 1.92%;}}@media only screen and (max-width:640px) {.fusion-body .fusion-builder-column-0{width:100% !important;order : 0;}.fusion-builder-column-0 > .fusion-column-wrapper {margin-right : 1.92%;margin-left : 1.92%;}}<\/style><\/div><\/div><style type=\"text\/css\">.fusion-body .fusion-flex-container.fusion-builder-row-1{ padding-top : 0px;margin-top : 0px;padding-right : 0px;padding-bottom : 0px;margin-bottom : 0px;padding-left : 0px;}<\/style><\/div>\n","protected":false},"excerpt":{"rendered":"","protected":false},"author":1,"featured_media":0,"parent":0,"menu_order":0,"comment_status":"closed","ping_status":"closed","template":"100-width.php","meta":{"footnotes":""},"class_list":["post-9789","page","type-page","status-publish","hentry"],"jetpack_sharing_enabled":true,"_links":{"self":[{"href":"https:\/\/turanuslu.net\/ar\/wp-json\/wp\/v2\/pages\/9789","targetHints":{"allow":["GET"]}}],"collection":[{"href":"https:\/\/turanuslu.net\/ar\/wp-json\/wp\/v2\/pages"}],"about":[{"href":"https:\/\/turanuslu.net\/ar\/wp-json\/wp\/v2\/types\/page"}],"author":[{"embeddable":true,"href":"https:\/\/turanuslu.net\/ar\/wp-json\/wp\/v2\/users\/1"}],"replies":[{"embeddable":true,"href":"https:\/\/turanuslu.net\/ar\/wp-json\/wp\/v2\/comments?post=9789"}],"version-history":[{"count":13,"href":"https:\/\/turanuslu.net\/ar\/wp-json\/wp\/v2\/pages\/9789\/revisions"}],"predecessor-version":[{"id":10558,"href":"https:\/\/turanuslu.net\/ar\/wp-json\/wp\/v2\/pages\/9789\/revisions\/10558"}],"wp:attachment":[{"href":"https:\/\/turanuslu.net\/ar\/wp-json\/wp\/v2\/media?parent=9789"}],"curies":[{"name":"wp","href":"https:\/\/api.w.org\/{rel}","templated":true}]}}