{"id":3,"date":"2020-12-16T12:20:15","date_gmt":"2020-12-16T12:20:15","guid":{"rendered":"https:\/\/turanuslu.net\/new\/?page_id=3"},"modified":"2021-01-27T14:46:53","modified_gmt":"2021-01-27T14:46:53","slug":"kvkk-aydinlatma-metni","status":"publish","type":"page","link":"https:\/\/turanuslu.net\/ar\/kvkk-aydinlatma-metni\/","title":{"rendered":"\u0646\u0635 \u0645\u0639\u0644\u0648\u0645\u0627\u062a KVKK"},"content":{"rendered":"<strong>K\u0130\u015e\u0130SEL VER\u0130LER\u0130N KORUNMASI KANUNU KAPSAMINDA AYDINLATMA METN\u0130<\/strong>\r\n\r\nTuran Uslu Muayenehanesi olarak, ki\u015fisel verilerinizin g\u00fcvenli\u011fine b\u00fcy\u00fck \u00f6nem vermekteyiz.\r\n\r\n6698 say\u0131l\u0131 Ki\u015fisel Verilerin Korunmas\u0131 Kanunu (KVK Kanunu) ve &#8220;Ki\u015fisel Sa\u011fl\u0131k Verilerinin \u0130\u015flenmesi ve Mahremiyetinin Sa\u011flanmas\u0131 Hakk\u0131nda Y\u00f6netmelik&#8221; uyar\u0131nca sa\u011fl\u0131k kurulu\u015fu olarak sizlere sa\u011fl\u0131k hizmeti sunabilmek i\u00e7in gerekli olan ki\u015fisel bilgilerinizi kaydedecek, ar\u015fivleyecek, gerekli durumlarda yetkili 3. Ki\u015filer\/Kurumlar ile payla\u015facak ve KVK Kanununda say\u0131lan \u015fekillerde i\u015fleyece\u011fiz.\r\n<ol>\r\n \t<li><strong> Ki\u015fisel Verilerinizin \u0130\u015flenmesi ve Veri Sorumlusu<\/strong><\/li>\r\n<\/ol>\r\nTuran Uslu Muayenehanesi olarak veri sorumlusu s\u0131fat\u0131yla sizlere bar\u0131nma ve sa\u011fl\u0131k hizmeti sunabilmek i\u00e7in\r\n<ul>\r\n \t<li>Kimlik bilgileriniz (ad soyad, TC Kimlik No, T\u00fcrk vatanda\u015f\u0131 olmayanlar i\u00e7in pasaport numaras\u0131 veya ge\u00e7ici TC Kimlik Numaras\u0131, do\u011fum yeri ve tarihi, medeni hal, cinsiyet bilgisi ve ibraz etti\u011finiz TC Kimlik Kart\u0131 ya da Ehliyet fotokopisi)<\/li>\r\n \t<li>\u0130leti\u015fim bilgileriniz (adres, telefon numaras\u0131, elektronik posta adresi gibi)<\/li>\r\n \t<li>Hasta numaras\u0131 ve protokol numaran\u0131z,<\/li>\r\n \t<li>Banka hesap\/ Iban numaran\u0131z, \u00f6deme ve faturalamaya ili\u015fkin finansal bilgileriniz<\/li>\r\n \t<li>\u00d6zel sa\u011fl\u0131k sigortas\u0131 veya Sosyal G\u00fcvenlik Kurumu verileriniz,<\/li>\r\n \t<li>Dosyan\u0131zda bulunmas\u0131 amac\u0131yla sundu\u011funuz d\u0131\u015f kurum laboratuvar ve g\u00f6r\u00fcnt\u00fcleme sonu\u00e7lar\u0131n\u0131z, test sonu\u00e7lar\u0131n\u0131z, muayene verileriniz, check-up bilgileriniz, re\u00e7ete bilgileriniz d\u00e2hil olmak \u00fczere sa\u011fl\u0131k verileriniz,<\/li>\r\n \t<li>Kurum genel alanlar\u0131nda bulunan kapal\u0131 devre kamera sistemi g\u00f6r\u00fcnt\u00fc kayd\u0131n\u0131z,<\/li>\r\n \t<li>Hizmetlerimizi de\u011ferlendirme amac\u0131yla payla\u015ft\u0131\u011f\u0131n\u0131z \u00f6neri, yorum metinleri ve anket cevaplar\u0131n\u0131za ait<\/li>\r\n<\/ul>\r\nki\u015fisel bilgilerinizi kaydederek her hal\u00fckarda KVK Kanununda \u00f6ng\u00f6r\u00fclen \u015fekilde ve \u015fartlara tabi olarak ar\u015fivlerimizde i\u015fleyece\u011fimizi bildiririz.\r\n<ol start=\"2\">\r\n \t<li><strong> Ki\u015fisel Verilerinizin \u0130\u015flenme Amac\u0131 ve Hukuki Sebebi<\/strong><\/li>\r\n<\/ol>\r\nKi\u015fisel verilerinizin i\u015flenme ama\u00e7lar\u0131 aras\u0131nda;\r\n<ul>\r\n \t<li>Kamu sa\u011fl\u0131\u011f\u0131n\u0131n korunmas\u0131, t\u0131bbi te\u015fhis, tedavi ve bak\u0131m hizmetlerinin y\u00fcr\u00fct\u00fclmesi,<\/li>\r\n \t<li>\u0130lgili mevzuatlar uyar\u0131nca Sa\u011fl\u0131k Bakanl\u0131\u011f\u0131 ve di\u011fer kamu kurum ve kurulu\u015flar\u0131 ile talep edilen bilgilerin payla\u015f\u0131lmas\u0131,<\/li>\r\n \t<li>Randevu ald\u0131\u011f\u0131n\u0131z takdirde randevunuza ili\u015fkin size bilgi sa\u011flanmas\u0131,<\/li>\r\n \t<li>Muayenehanemizin i\u00e7 i\u015fleyi\u015fini planlama ve y\u00f6netme,<\/li>\r\n \t<li>Sa\u011fl\u0131k hizmetini finansman\u0131n\u0131n sa\u011flanmas\u0131, faturaland\u0131rma yap\u0131lmas\u0131,<\/li>\r\n \t<li>Kimli\u011finizin do\u011frulanmas\u0131, anla\u015fmal\u0131 kurumlarla ili\u015fkinizin do\u011frulanmas\u0131,<\/li>\r\n \t<li>Hizmetlerimize ili\u015fkin soru veya \u015fik\u00e2yetlerinize yan\u0131t verme,<\/li>\r\n \t<li>\u0130la\u00e7 ve t\u0131bbi cihaz temini,<\/li>\r\n \t<li>Web ve mobil kanallarda \u00f6zel i\u00e7eriklerin, somut ve soyut faydalar\u0131n tasarlanmas\u0131 ve iletilebilmesi<\/li>\r\n<\/ul>\r\nyer almaktad\u0131r.\r\n\r\n<strong>Ki\u015fisel verilerinizin i\u015flenmesinin hukuki sebepleri; <\/strong>\r\n\r\n3359 say\u0131l\u0131 Sa\u011fl\u0131k Hizmetleri Temel Kanunu&#8217;nda a\u00e7\u0131k\u00e7a \u00f6ng\u00f6r\u00fclen haller ile 663 say\u0131l\u0131 Sa\u011fl\u0131k Bakanl\u0131\u011f\u0131 ve Ba\u011fl\u0131 Kurulu\u015flar\u0131n\u0131n Te\u015fkilat ve G\u00f6revleri Hakk\u0131nda Kanun H\u00fckm\u00fcnde Kararname, Sa\u011fl\u0131k Uygulama Tebli\u011fi, Hasta Haklar\u0131 Y\u00f6netmeli\u011fi gibi ilgili mevzuattan kaynaklanan hukuki y\u00fck\u00fcml\u00fcl\u00fcklerimizin yerine getirilmesi ve kamu sa\u011fl\u0131\u011f\u0131n\u0131n korunmas\u0131, koruyucu hekimlik, t\u0131bbi te\u015fhis, tedavi ve bak\u0131m hizmetlerinin y\u00fcr\u00fct\u00fclmesi, sa\u011fl\u0131k hizmetleri ile finansman\u0131n\u0131n planlanmas\u0131 ve y\u00f6netimidir.\r\n<ol start=\"3\">\r\n \t<li><strong> Ki\u015fisel Verilerinizin Aktar\u0131lmas\u0131<\/strong><\/li>\r\n<\/ol>\r\nT\u0131bbi bak\u0131m, g\u00f6zetim ve insani ihtiya\u00e7lar\u0131n kar\u015f\u0131lanmas\u0131 hizmetlerinin verilebilmesiamac\u0131yla ve KVK Kanununda yer alan \u015fartlara tabi olarak;\r\n<ul>\r\n \t<li>TC Sa\u011fl\u0131k Bakanl\u0131\u011f\u0131 ile \u0130l Sa\u011fl\u0131k M\u00fcd\u00fcrl\u00fckleri, Halk Sa\u011fl\u0131\u011f\u0131 Merkezleri ve Sa\u011fl\u0131k Bakanl\u0131\u011f\u0131na ba\u011fl\u0131 sair birimler ba\u015fta olmak \u00fczere yetkili makamlar taraf\u0131ndan talep edilmesi, yetkili makamlar taraf\u0131ndan g\u00f6revlendirilen ki\u015filer taraf\u0131ndan ya da kurulan e-nab\u0131z ve benzeri sistemler kapsam\u0131nda talep edilmesi halinde ya da taraf\u0131m\u0131za y\u00fcklenen bildirim ve\/veya raporlama y\u00fck\u00fcml\u00fcl\u00fc\u011f\u00fcm\u00fcz kapsam\u0131nda ki\u015fisel verilerinizin ilgili makamlar ve ki\u015filer ile,<\/li>\r\n \t<li>\u00c7al\u0131\u015fmakta oldu\u011fumuz avukatlar, dan\u0131\u015fmanlar, denet\u00e7iler de d\u00e2hil olmak \u00fczere dan\u0131\u015fmanl\u0131k ald\u0131\u011f\u0131m\u0131z, yetki verdi\u011fimiz kanuni temsilciler ve \u00fc\u00e7\u00fcnc\u00fc ki\u015filer ile,<\/li>\r\n \t<li>Faaliyetlerimizi y\u00fcr\u00fctmek \u00fczere s\u00f6zle\u015fmesel olarak hizmet ald\u0131\u011f\u0131m\u0131z, i\u015fbirli\u011fi yapt\u0131\u011f\u0131m\u0131z, yurt i\u00e7i kurulu\u015flar ve di\u011fer \u00fc\u00e7\u00fcnc\u00fc ki\u015filer ve kanuni temsilcileri ile,<\/li>\r\n \t<li>SGK tabiiyetindeki hastalar i\u00e7in Sosyal G\u00fcvenlik Kurumu ile \u00f6zel sigortan\u0131z\u0131 kullanman\u0131z halinde \u00fcyesi oldu\u011funuz sigorta \u015firketiniz ile faturaland\u0131rman\u0131z\u0131n \u00e7al\u0131\u015ft\u0131\u011f\u0131n\u0131z kuruma yap\u0131lacak olmas\u0131 durumunda kurumunuz ile,<\/li>\r\n \t<li>T\u0131bbi te\u015fhis ve tedavi i\u00e7in i\u015f birli\u011fi i\u00e7erisinde oldu\u011fumuz yurt i\u00e7inde bulunan \u00f6zel hastaneler, t\u0131p merkezleri, laboratuvarlar, ambulans, t\u0131bbi cihaz ve sa\u011fl\u0131k hizmeti sunan kurumlar ile,<\/li>\r\n \t<li>Sevk edilmeniz gerekti\u011finde ilgili sa\u011fl\u0131k kurulu\u015fu ile,<\/li>\r\n \t<li>Yetki vermi\u015f oldu\u011funuz kanuni temsilciler ile,<\/li>\r\n<\/ul>\r\npayla\u015f\u0131labilecektir.\r\n<ol start=\"4\">\r\n \t<li><strong> Ki\u015fisel Veri Toplaman\u0131n Y\u00f6ntemi<\/strong><\/li>\r\n<\/ol>\r\nKi\u015fisel verileriniz, verilen hizmetin niteli\u011fine ba\u011fl\u0131 olarak santral, internet, mobil uygulamalar, fiziksel mek\u00e2nlar ve benzeri kanallardan s\u00f6zl\u00fc, g\u00f6rsel, yaz\u0131l\u0131 ya da elektronik ortamda, yukar\u0131da yer verilen ama\u00e7lar kapsam\u0131nda toplanmaktad\u0131r.\r\n<ol start=\"5\">\r\n \t<li><strong> Ki\u015fisel Verilerinize \u0130li\u015fkin Olarak Al\u0131nan G\u00fcvenlik Tedbirleri<\/strong><\/li>\r\n<\/ol>\r\nVeri sorumlusu s\u0131fat\u0131 ile ki\u015fisel verilerinizin elde edilmesi, kaydedilmesi, depolanmas\u0131, muhafaza edilmesi, de\u011fi\u015ftirilmesi, yeniden d\u00fczenlenmesi, a\u00e7\u0131klanmas\u0131, aktar\u0131lmas\u0131, devral\u0131nmas\u0131, elde edilebilir h\u00e2le getirilmesi, s\u0131n\u0131fland\u0131r\u0131lmas\u0131 ya da kullan\u0131lmas\u0131n\u0131n engellenmesi gibi veri i\u015fleme faaliyetlerini ger\u00e7ekle\u015ftiren Kurulu\u015fumuz;\r\n\r\na)Ki\u015fisel verilerinizin hukuka ayk\u0131r\u0131 olarak i\u015flenmesini \u00f6nlemek,\r\n\r\nb)Ki\u015fisel verilere hukuka ayk\u0131r\u0131 olarak eri\u015filmesini \u00f6nlemek,\r\n\r\nc)Ki\u015fisel verilerin muhafazas\u0131n\u0131 sa\u011flamak\r\n\r\namac\u0131yla uygun g\u00fcvenlik d\u00fczeyini temin etmeye y\u00f6nelik her t\u00fcrl\u00fc teknik ve idari tedbirleri almaktan sorumludur ve bu tedbirleri azami \u00f6l\u00e7\u00fcde almaktad\u0131r. Buna ek olarak, \u00f6zel nitelikli ki\u015fisel verilerin i\u015flenmesinde Ki\u015fisel Verileri Koruma Kurulu taraf\u0131ndan belirlenen ve a\u015fa\u011f\u0131dakilerle s\u0131n\u0131rl\u0131 olmayan ek g\u00fcvenlik tedbirleri de al\u0131nmaktad\u0131r.\r\n\r\n\u00c7al\u0131\u015fanlar\u0131m\u0131z bilgi g\u00fcvenli\u011fi, hasta mahremiyeti, ki\u015fisel verilerin korunmas\u0131 konular\u0131nda e\u011fitilmektedir. Ki\u015fisel veri g\u00fcvenli\u011fi konusunda kurumsal politika ve prosed\u00fcrler yaz\u0131l\u0131d\u0131r. Ki\u015fisel veriler kullanma amac\u0131 ortadan kalkt\u0131\u011f\u0131nda imha edilmektedir. Ki\u015fisel veri i\u00e7eren sistemlerimiz rutin olarak denetlenmektedir. Hizmet al\u0131nan veri i\u015fleyenler ile s\u00f6zle\u015fmeler yap\u0131lmaktad\u0131r. G\u00fcncel yaz\u0131l\u0131mlar kullan\u0131lmaktad\u0131r. Siber sald\u0131r\u0131lara kar\u015f\u0131 d\u00fczenlenmi\u015f g\u00fcvenlik a\u011f\u0131m\u0131z bulunmaktad\u0131r. Ki\u015fisel veri i\u00e7eren sistemlere eri\u015fim yetkisi s\u0131n\u0131rl\u0131d\u0131r. Antiv\u00fcr\u00fcs ve anti spam programlar kullan\u0131lmaktad\u0131r. Sistemlerin k\u00f6t\u00fcye kullan\u0131lmas\u0131 halinde delillerin toplanarak Ki\u015fisel Verileri Koruma Kurumu&#8217;na bildirilir ve Savc\u0131l\u0131\u011fa su\u00e7 duyurusu yap\u0131l\u0131r. Ki\u015fisel verilerin bulundu\u011fu fiziksel ortamlar\u0131m\u0131zda yang\u0131n, sel vb. tabi afetlere kar\u015f\u0131 koruma tedbirleri al\u0131nm\u0131\u015ft\u0131r ve bu ortamlar kilitli tutularak giri\u015f \/ \u00e7\u0131k\u0131\u015flar kontrol alt\u0131ndad\u0131r.\r\n<ol start=\"6\">\r\n \t<li><strong> Verileri \u0130\u015flenen \u0130lgili Ki\u015filer Olarak Haklar\u0131n\u0131z<\/strong><\/li>\r\n<\/ol>\r\nKVK Kanunu ve ilgili mevzuat uyar\u0131nca;\r\n<ul>\r\n \t<li>Ki\u015fisel veri i\u015flenip i\u015flenmedi\u011fini \u00f6\u011frenme,<\/li>\r\n \t<li>Ki\u015fisel veriler i\u015flenmi\u015fse buna ili\u015fkin bilgi talep etme,<\/li>\r\n \t<li>Ki\u015fisel sa\u011fl\u0131k verilerine eri\u015fim ve bu verileri isteme,<\/li>\r\n \t<li>Ki\u015fisel verilerin i\u015flenme amac\u0131n\u0131 ve bunlar\u0131n amac\u0131na uygun kullan\u0131l\u0131p kullan\u0131lmad\u0131\u011f\u0131n\u0131 \u00f6\u011frenme,<\/li>\r\n \t<li>Yurt i\u00e7inde veya yurt d\u0131\u015f\u0131nda ki\u015fisel verilerin aktar\u0131ld\u0131\u011f\u0131 \u00fc\u00e7\u00fcnc\u00fc ki\u015fileri bilme,<\/li>\r\n \t<li>Ki\u015fisel verilerin eksik veya yanl\u0131\u015f i\u015flenmi\u015f olmas\u0131 h\u00e2linde bunlar\u0131n d\u00fczeltilmesini isteme,<\/li>\r\n \t<li>Ki\u015fisel verilerin silinmesini veya yok edilmesini isteme,<\/li>\r\n \t<li>Ki\u015fisel verilerin eksik veya yanl\u0131\u015f i\u015flenmi\u015f olmas\u0131 h\u00e2linde bunlar\u0131n d\u00fczeltilmesine ve\/veya ki\u015fisel verilerin silinmesini veya yok edilmesine ili\u015fkin i\u015flemlerin ki\u015fisel verilerin aktar\u0131ld\u0131\u011f\u0131 \u00fc\u00e7\u00fcnc\u00fc ki\u015filere bildirilmesini isteme,<\/li>\r\n \t<li>\u0130\u015flenen verilerin m\u00fcnhas\u0131ran otomatik sistemler vas\u0131tas\u0131yla analiz edilmesi suretiyle ki\u015finin kendisi aleyhine bir sonucun ortaya \u00e7\u0131kmas\u0131na itiraz etme<\/li>\r\n<\/ul>\r\nhakk\u0131na sahipsiniz.\r\n\r\nBu belirtilmi\u015f haklar\u0131n\u0131zdan birini ya da birka\u00e7\u0131n\u0131 kullanman\u0131z halinde ilgili bilgi taraf\u0131n\u0131za, a\u00e7\u0131k ve anla\u015f\u0131labilir bir \u015fekilde yaz\u0131l\u0131 olarak ya da elektronik ortamda, taraf\u0131n\u0131zca sa\u011flanan ileti\u015fim bilgileri yoluyla bildirilir.\r\n\r\nKVK Kanunu kapsam\u0131ndaki taleplerinizi, mezkur Kanuna uyum \u00e7er\u00e7evesinde haz\u0131rlam\u0131\u015f oldu\u011fumuz <a href=\"https:\/\/turanuslu.net\/wp-content\/uploads\/2021\/01\/T_11_ilgili_Kisi_Bas\u0327vuru_Formu.pdf\"><u>Ba\u015fvuru Formu<\/u><\/a>\u2019nu doldurarak kurulu\u015fumuza iletebilirsiniz.\r\n\r\n<!-- \/wp:post-content -->","protected":false},"excerpt":{"rendered":"<p>K\u0130\u015e\u0130SEL VER\u0130LER\u0130N KORUNMASI KANUNU KAPSAMINDA AYDINLATMA METN\u0130 Turan Uslu Muayenehanesi [&hellip;]<\/p>\n","protected":false},"author":1,"featured_media":0,"parent":0,"menu_order":0,"comment_status":"closed","ping_status":"closed","template":"","meta":{"footnotes":""},"class_list":["post-3","page","type-page","status-publish","hentry"],"jetpack_sharing_enabled":true,"_links":{"self":[{"href":"https:\/\/turanuslu.net\/ar\/wp-json\/wp\/v2\/pages\/3","targetHints":{"allow":["GET"]}}],"collection":[{"href":"https:\/\/turanuslu.net\/ar\/wp-json\/wp\/v2\/pages"}],"about":[{"href":"https:\/\/turanuslu.net\/ar\/wp-json\/wp\/v2\/types\/page"}],"author":[{"embeddable":true,"href":"https:\/\/turanuslu.net\/ar\/wp-json\/wp\/v2\/users\/1"}],"replies":[{"embeddable":true,"href":"https:\/\/turanuslu.net\/ar\/wp-json\/wp\/v2\/comments?post=3"}],"version-history":[{"count":3,"href":"https:\/\/turanuslu.net\/ar\/wp-json\/wp\/v2\/pages\/3\/revisions"}],"predecessor-version":[{"id":9861,"href":"https:\/\/turanuslu.net\/ar\/wp-json\/wp\/v2\/pages\/3\/revisions\/9861"}],"wp:attachment":[{"href":"https:\/\/turanuslu.net\/ar\/wp-json\/wp\/v2\/media?parent=3"}],"curies":[{"name":"wp","href":"https:\/\/api.w.org\/{rel}","templated":true}]}}