{"id":2295,"date":"2019-03-06T11:58:09","date_gmt":"2019-03-06T11:58:09","guid":{"rendered":"https:\/\/turanuslu.net\/?page_id=2295"},"modified":"2020-12-25T11:16:13","modified_gmt":"2020-12-25T11:16:13","slug":"hakkimda","status":"publish","type":"page","link":"https:\/\/turanuslu.net\/ar\/hakkimda\/","title":{"rendered":"\u0652\u0639\u064e\u0646\u0651\u0650\u064a"},"content":{"rendered":"<div class=\"fusion-fullwidth fullwidth-box fusion-builder-row-1 fusion-flex-container nonhundred-percent-fullwidth non-hundred-percent-height-scrolling\" style=\"background-color: rgba(255,255,255,0);background-position: center center;background-repeat: no-repeat;border-width: 0px 0px 0px 0px;border-color:#e2e2e2;border-style:solid;\" ><div class=\"fusion-builder-row fusion-row fusion-flex-align-items-flex-start\" style=\"max-width:calc( 1200px + 0px );margin-left: calc(-0px \/ 2 );margin-right: calc(-0px \/ 2 );\"><div class=\"fusion-layout-column fusion_builder_column fusion-builder-column-0 fusion_builder_column_1_3 1_3 fusion-flex-column\"><div class=\"fusion-column-wrapper fusion-flex-justify-content-center fusion-content-layout-row\" style=\"background-position:left top;background-repeat:no-repeat;-webkit-background-size:cover;-moz-background-size:cover;-o-background-size:cover;background-size:cover;padding: 0px 0px 0px 0px;\"><div ><span class=\"fusion-imageframe imageframe-none imageframe-1 hover-type-none\"><img decoding=\"async\" width=\"400\" height=\"400\" alt=\"Prof. Dr. Turan Uslu ,turan uslu fizik tedavi , kuru i\u011fne tedavisi , kuru i\u011fne fiyatlar\u0131 , bel a\u011fr\u0131lar\u0131 , diz a\u011fr\u0131lar\u0131 , ba\u015f a\u011fr\u0131lar\u0131 , kuru i\u011fne tedavisi fiyatlar\u0131 2019 hakk\u0131mda\" title=\"Prof. Dr. Turan Uslu ,turan uslu fizik tedavi , kuru i\u011fne tedavisi , kuru i\u011fne fiyatlar\u0131 , bel a\u011fr\u0131lar\u0131 , diz a\u011fr\u0131lar\u0131 , ba\u015f a\u011fr\u0131lar\u0131 , kuru i\u011fne tedavisi fiyatlar\u0131 2019\" src=\"https:\/\/turanuslu.net\/wp-content\/uploads\/2019\/07\/muHrxhwD_400x400.jpeg\" data-orig-src=\"https:\/\/turanuslu.net\/wp-content\/uploads\/2019\/07\/muHrxhwD_400x400.jpeg\" class=\"lazyload img-responsive wp-image-2835\" srcset=\"data:image\/svg+xml,%3Csvg%20xmlns%3D%27http%3A%2F%2Fwww.w3.org%2F2000%2Fsvg%27%20width%3D%27400%27%20height%3D%27400%27%20viewBox%3D%270%200%20400%20400%27%3E%3Crect%20width%3D%27400%27%20height%3D%27400%27%20fill-opacity%3D%220%22%2F%3E%3C%2Fsvg%3E\" data-srcset=\"https:\/\/turanuslu.net\/wp-content\/uploads\/2019\/07\/muHrxhwD_400x400-200x200.jpeg 200w, https:\/\/turanuslu.net\/wp-content\/uploads\/2019\/07\/muHrxhwD_400x400.jpeg 400w\" data-sizes=\"auto\" data-orig-sizes=\"(max-width: 1000px) 100vw, (max-width: 640px) 100vw, 400px\" \/><\/span><\/div><style type=\"text\/css\">@media only screen and (max-width:1000px) {.fusion-title.fusion-title-1{margin-top:10px!important; margin-right:0px!important;margin-bottom:15px!important;margin-left:0px!important;}}@media only screen and (max-width:640px) {.fusion-title.fusion-title-1{margin-top:10px!important; margin-right:0px!important;margin-bottom:10px!important; margin-left:0px!important;}}<\/style><div class=\"fusion-title title fusion-title-1 fusion-sep-none fusion-title-center fusion-title-text fusion-title-size-two\" style=\"margin-top:10px;margin-right:0px;margin-bottom:15px;margin-left:0px;\"><h2 class=\"title-heading-center\" style=\"margin:0;\">Prof. Dr. Turan USLU<\/h2><\/div><\/div><style type=\"text\/css\">.fusion-body .fusion-builder-column-0{width:33.333333333333% !important;margin-top : 0px;margin-bottom : 0px;}.fusion-builder-column-0 > .fusion-column-wrapper {padding-top : 0px !important;padding-right : 0px !important;margin-right : calc( 0.04 * calc( 100% - 0px ) );padding-bottom : 0px !important;padding-left : 0px !important;margin-left : 0px;}@media only screen and (max-width:1000px) {.fusion-body .fusion-builder-column-0{width:100% !important;}.fusion-builder-column-0 > .fusion-column-wrapper {margin-right : 0px;margin-left : 0px;}}@media only screen and (max-width:640px) {.fusion-body .fusion-builder-column-0{width:100% !important;}.fusion-builder-column-0 > .fusion-column-wrapper {margin-right : 0px;margin-left : 0px;}}<\/style><\/div><div class=\"fusion-layout-column fusion_builder_column fusion-builder-column-1 fusion_builder_column_2_3 2_3 fusion-flex-column\"><div class=\"fusion-column-wrapper fusion-flex-justify-content-flex-start fusion-content-layout-column\" style=\"background-position:left top;background-repeat:no-repeat;-webkit-background-size:cover;-moz-background-size:cover;-o-background-size:cover;background-size:cover;padding: 0px 0px 0px 0px;\"><div class=\"fusion-text fusion-text-1\" style=\"font-size:16px;line-height:2;\"><p>Prof. Dr. Turan Uslu 1990 y\u0131l\u0131ndan beri Fiziksel T\u0131p ve Rehabilitasyon uzman\u0131 olarak \u00e7al\u0131\u015fmaktad\u0131r.<\/p>\n<p>Prof. Dr Turan USLU; kas iskelet sistemi sorunlar\u0131, romatizmal hastal\u0131klar, akut ve kronik a\u011fr\u0131 sendromlar\u0131, \u00e7ene eklemi a\u011fr\u0131lar\u0131, bel ve boyun f\u0131t\u0131klar\u0131, omurga hastal\u0131klar\u0131, osteoporoz gibi pek \u00e7ok hastal\u0131kla primer olarak ilgilenmektedir.<\/p>\n<p>Epidural a\u011fr\u0131 tedavisi, sakroiliak eklem enjeksiyonlar\u0131, \u00e7e\u015fitli yumu\u015fak doku ve eklem i\u00e7i enjeksiyonlar\u0131 Prof. Dr. Uslu taraf\u0131ndan s\u0131kl\u0131kla ba\u015fvurulan tedavi y\u00f6ntemleridir.<\/p>\n<\/div><div class=\"fusion-text fusion-text-2\" style=\"font-size:16px;line-height:2;\"><h3 class=\"fusion-responsive-typography-calculated\" data-fontsize=\"32\" data-lineheight=\"41.6px\">UYGULADI\u011eI TEDAV\u0130LER<\/h3>\n<ul>\n<li>Akut ve kronik a\u011fr\u0131 sendromlar\u0131,<\/li>\n<li>Kas- iskelet sistemi ile ilgili problemler,<\/li>\n<li>Romatizmal hastal\u0131klar,<\/li>\n<li>\u00c7ene eklemi a\u011fr\u0131lar\u0131,<\/li>\n<li>Bel F\u0131t\u0131\u011f\u0131 ve boyun f\u0131t\u0131\u011f\u0131,<\/li>\n<li>Omurga hastal\u0131klar\u0131,<\/li>\n<li>\u0647\u0634\u0627\u0634\u0629 \u0627\u0644\u0639\u0638\u0627\u0645<\/li>\n<li>Yumu\u015fak Doku Romatizmalar\u0131<\/li>\n<li>Miyofasiyal A\u011fr\u0131 Sendromu<\/li>\n<li>Fizik Tedavi,<\/li>\n<li><strong>Kuru \u0130\u011fne<\/strong>\u00a0Tedavisi ,<\/li>\n<li>Proloterapi,<\/li>\n<li>\u0627\u0644\u0628\u0644\u0627\u0632\u0645\u0627 \u0627\u0644\u063a\u0646\u064a\u0629 \u0628\u0627\u0644\u0635\u0641\u0627\u0626\u062d \u0627\u0644\u062f\u0645\u0648\u064a\u0629<\/li>\n<li>Epidural a\u011fr\u0131 tedavisi,<\/li>\n<\/ul>\n<\/div><\/div><style type=\"text\/css\">.fusion-body .fusion-builder-column-1{width:66.666666666667% !important;margin-top : 0px;margin-bottom : 0px;}.fusion-builder-column-1 > .fusion-column-wrapper {padding-top : 0px !important;padding-right : 0px !important;margin-right : 0px;padding-bottom : 0px !important;padding-left : 0px !important;margin-left : calc( 0.04 * calc( 100% - 0px ) );}@media only screen and (max-width:1000px) {.fusion-body .fusion-builder-column-1{width:100% !important;}.fusion-builder-column-1 > .fusion-column-wrapper {margin-right : 0px;margin-left : 0px;}}@media only screen and (max-width:640px) {.fusion-body .fusion-builder-column-1{width:100% !important;}.fusion-builder-column-1 > .fusion-column-wrapper {margin-right : 0px;margin-left : 0px;}}<\/style><\/div><\/div><style type=\"text\/css\">.fusion-body .fusion-flex-container.fusion-builder-row-1{ padding-top : 0px;margin-top : 0px;padding-right : 0px;padding-bottom : 0px;margin-bottom : 0px;padding-left : 0px;}<\/style><\/div>","protected":false},"excerpt":{"rendered":"","protected":false},"author":1,"featured_media":2835,"parent":0,"menu_order":0,"comment_status":"closed","ping_status":"closed","template":"100-width.php","meta":{"footnotes":""},"class_list":["post-2295","page","type-page","status-publish","has-post-thumbnail","hentry"],"jetpack_sharing_enabled":true,"_links":{"self":[{"href":"https:\/\/turanuslu.net\/ar\/wp-json\/wp\/v2\/pages\/2295","targetHints":{"allow":["GET"]}}],"collection":[{"href":"https:\/\/turanuslu.net\/ar\/wp-json\/wp\/v2\/pages"}],"about":[{"href":"https:\/\/turanuslu.net\/ar\/wp-json\/wp\/v2\/types\/page"}],"author":[{"embeddable":true,"href":"https:\/\/turanuslu.net\/ar\/wp-json\/wp\/v2\/users\/1"}],"replies":[{"embeddable":true,"href":"https:\/\/turanuslu.net\/ar\/wp-json\/wp\/v2\/comments?post=2295"}],"version-history":[{"count":4,"href":"https:\/\/turanuslu.net\/ar\/wp-json\/wp\/v2\/pages\/2295\/revisions"}],"predecessor-version":[{"id":9856,"href":"https:\/\/turanuslu.net\/ar\/wp-json\/wp\/v2\/pages\/2295\/revisions\/9856"}],"wp:featuredmedia":[{"embeddable":true,"href":"https:\/\/turanuslu.net\/ar\/wp-json\/wp\/v2\/media\/2835"}],"wp:attachment":[{"href":"https:\/\/turanuslu.net\/ar\/wp-json\/wp\/v2\/media?parent=2295"}],"curies":[{"name":"wp","href":"https:\/\/api.w.org\/{rel}","templated":true}]}}